{"id":19398,"date":"2024-08-19T11:34:55","date_gmt":"2024-08-19T09:34:55","guid":{"rendered":"https:\/\/www.salonbiodiversite.com\/?page_id=19398"},"modified":"2026-03-23T17:09:02","modified_gmt":"2026-03-23T16:09:02","slug":"innovation-awards","status":"publish","type":"page","link":"https:\/\/www.salonbiodiversite.com\/en\/the-exhibition\/innovation-awards\/","title":{"rendered":"Innovation Awards"},"content":{"rendered":"<p>[et_pb_section fb_built=&#8221;1&#8243; admin_label=&#8221;Section&#8221; _builder_version=&#8221;4.20.2&#8243; _module_preset=&#8221;default&#8221; background_enable_color=&#8221;off&#8221; global_colors_info=&#8221;{}&#8221;][et_pb_row _builder_version=&#8221;4.20.2&#8243; _module_preset=&#8221;default&#8221; width=&#8221;90%&#8221; max_width=&#8221;1400px&#8221; custom_margin=&#8221;0px||0px||false|false&#8221; custom_padding=&#8221;0px||0px||false|false&#8221; global_colors_info=&#8221;{}&#8221;][et_pb_column type=&#8221;4_4&#8243; _builder_version=&#8221;4.20.2&#8243; _module_preset=&#8221;default&#8221; global_colors_info=&#8221;{}&#8221;][dsm_breadcrumbs home_icon=&#8221;&#xe074;||divi||400&#8243; separator_icon=&#8221;&#x39;||divi||400&#8243; _builder_version=&#8221;4.20.2&#8243; _module_preset=&#8221;default&#8221; global_colors_info=&#8221;{}&#8221;][\/dsm_breadcrumbs][\/et_pb_column][\/et_pb_row][et_pb_row _builder_version=&#8221;4.20.2&#8243; _module_preset=&#8221;default&#8221; max_width=&#8221;1400px&#8221; custom_margin=&#8221;|auto|||false|false&#8221; custom_padding=&#8221;0px||||false|false&#8221; global_colors_info=&#8221;{}&#8221;][et_pb_column type=&#8221;4_4&#8243; _builder_version=&#8221;4.20.2&#8243; _module_preset=&#8221;default&#8221; global_colors_info=&#8221;{}&#8221;][et_pb_text _builder_version=&#8221;4.20.2&#8243; _module_preset=&#8221;default&#8221; text_text_color=&#8221;#323232&#8243; header_font_size=&#8221;42px&#8221; header_2_font_size=&#8221;40px&#8221; header_4_font_size=&#8221;30px&#8221; hover_enabled=&#8221;0&#8243; header_font_size_tablet=&#8221;50px&#8221; header_font_size_phone=&#8221;40px&#8221; header_font_size_last_edited=&#8221;on|phone&#8221; header_2_font_size_tablet=&#8221;35px&#8221; header_2_font_size_phone=&#8221;30px&#8221; header_2_font_size_last_edited=&#8221;on|phone&#8221; global_colors_info=&#8221;{}&#8221; sticky_enabled=&#8221;0&#8243;]<\/p>\n<h1><strong>Innovation Awards<\/strong><\/h1>\n<h1>Salon des Maires et des Collectivit\u00e9s<\/h1>\n<p>[\/et_pb_text][\/et_pb_column][\/et_pb_row][et_pb_row column_structure=&#8221;3_5,2_5&#8243; _builder_version=&#8221;4.20.2&#8243; _module_preset=&#8221;default&#8221; max_width=&#8221;1400px&#8221; custom_margin=&#8221;0px||0px||true|false&#8221; custom_padding=&#8221;0px||0px||true|false&#8221; global_colors_info=&#8221;{}&#8221;][et_pb_column type=&#8221;3_5&#8243; _builder_version=&#8221;4.20.2&#8243; _module_preset=&#8221;default&#8221; global_colors_info=&#8221;{}&#8221;][et_pb_text _builder_version=&#8221;4.20.2&#8243; _module_preset=&#8221;default&#8221; header_4_font_size=&#8221;20px&#8221; header_4_line_height=&#8221;1.2em&#8221; width=&#8221;100%&#8221; custom_margin=&#8221;||||false|false&#8221; custom_padding=&#8221;|0px||||&#8221; global_colors_info=&#8221;{}&#8221;]<\/p>\n<div>\n<h4><strong>The Innovation Awards Competition of the Mayors and Local Authorities Exhibition<\/strong>, organized jointly with the <strong>Biodiversity Exhibition<\/strong>, recognizes each year an innovative solution or collaboration carried out with a local authority.<\/h4>\n<h4>The competition includes <strong>eight categories<\/strong>, each of which may reward both an innovative <strong>solution<\/strong> and\/or an innovative <strong>collaboration<\/strong>.<br \/>An innovation that contributes to <strong>biodiversity protection<\/strong> may also be distinguished.<\/h4>\n<h4>This initiative follows an <strong>annual cycle<\/strong>, enabling each edition to highlight new projects that support and advance local territories.<\/h4>\n<\/div>\n<p>[\/et_pb_text][\/et_pb_column][et_pb_column type=&#8221;2_5&#8243; _builder_version=&#8221;4.20.2&#8243; _module_preset=&#8221;default&#8221; global_colors_info=&#8221;{}&#8221;][et_pb_image src=&#8221;https:\/\/www.salonbiodiversite.com\/app\/uploads\/2025\/09\/Prix-Inno_Background1.png&#8221; alt=&#8221;SMCL25_Prix de l&#8217;innovation territoriale&#8221; title_text=&#8221;Prix-Inno_Background(1)&#8221; align=&#8221;center&#8221; _builder_version=&#8221;4.20.2&#8243; _module_preset=&#8221;default&#8221; width=&#8221;70%&#8221; custom_margin=&#8221;||||false|false&#8221; custom_padding=&#8221;||||false|false&#8221; animation_style=&#8221;flip&#8221; box_shadow_style=&#8221;preset2&#8243; global_colors_info=&#8221;{}&#8221;][\/et_pb_image][\/et_pb_column][\/et_pb_row][\/et_pb_section][et_pb_section fb_built=&#8221;1&#8243; admin_label=&#8221;Section&#8221; _builder_version=&#8221;4.20.2&#8243; _module_preset=&#8221;default&#8221; background_enable_color=&#8221;off&#8221; custom_margin=&#8221;-74px||||false|false&#8221; global_colors_info=&#8221;{}&#8221;][et_pb_row _builder_version=&#8221;4.20.2&#8243; _module_preset=&#8221;default&#8221; max_width=&#8221;1400px&#8221; custom_margin=&#8221;||||false|false&#8221; global_colors_info=&#8221;{}&#8221;][et_pb_column type=&#8221;4_4&#8243; _builder_version=&#8221;4.20.2&#8243; _module_preset=&#8221;default&#8221; global_colors_info=&#8221;{}&#8221;][et_pb_text _builder_version=&#8221;4.20.2&#8243; _module_preset=&#8221;default&#8221; header_2_font_size=&#8221;35px&#8221; header_5_font_size=&#8221;35px&#8221; custom_margin=&#8221;||20px||false|false&#8221; custom_padding=&#8221;||20px||false|false&#8221; global_colors_info=&#8221;{}&#8221;]<\/p>\n<h2 class=\"has-text-align-center\"><strong>Who can take part ?<\/strong><\/h2>\n<p>[\/et_pb_text][et_pb_text module_class=&#8221;paragraphe&#8221; _builder_version=&#8221;4.20.2&#8243; _module_preset=&#8221;default&#8221; header_4_font_size=&#8221;20px&#8221; header_4_line_height=&#8221;1.3em&#8221; global_colors_info=&#8221;{}&#8221;]<\/p>\n<h4>In <strong>2025<\/strong>, the <strong>Innovation Award of the Mayors and Local Authorities Exhibition<\/strong> once again welcomed a wide range of participants: exhibitors, co\u2011exhibitors, as well as non\u2011exhibiting organizations. As every year, the award was open to all stakeholders working alongside local authorities, including:<\/h4>\n<div>\n<ul>\n<li>\n<h4><strong>Public organizations<\/strong>: institutions, operators, semi\u2011public bodies, and State agencies<\/h4>\n<\/li>\n<li>\n<h4><strong>Private companies<\/strong><\/h4>\n<\/li>\n<li>\n<h4><strong>Associations<\/strong><\/h4>\n<\/li>\n<\/ul>\n<h4>Innovations supporting <strong>biodiversity protection<\/strong> were given particular visibility during this edition.<\/h4>\n<h4>The Innovation Award is held <strong>annually<\/strong>: the next edition will take place from <strong>24 to 26 November 2026<\/strong>, with the same inclusive entry criteria and the continued commitment to showcasing innovative solutions serving local communities.<\/h4>\n<\/div>\n<p>[\/et_pb_text][\/et_pb_column][\/et_pb_row][et_pb_row _builder_version=&#8221;4.20.2&#8243; _module_preset=&#8221;default&#8221; max_width=&#8221;1400px&#8221; global_colors_info=&#8221;{}&#8221;][et_pb_column type=&#8221;4_4&#8243; _builder_version=&#8221;4.20.2&#8243; _module_preset=&#8221;default&#8221; global_colors_info=&#8221;{}&#8221;][et_pb_button button_url=&#8221;https:\/\/www.salondesmaires.com\/en\/innovation-awards\/&#8221; button_text=&#8221;Find out more about the innovation awards&#8221; button_alignment=&#8221;center&#8221; _builder_version=&#8221;4.20.2&#8243; _module_preset=&#8221;default&#8221; custom_button=&#8221;on&#8221; button_text_size=&#8221;21px&#8221; button_border_width=&#8221;2px&#8221; button_font=&#8221;|600|||||||&#8221; button_icon=&#8221;&#xf091;||fa||900&#8243; animation_style=&#8221;fade&#8221; box_shadow_style=&#8221;preset2&#8243; global_colors_info=&#8221;{}&#8221;][\/et_pb_button][\/et_pb_column][\/et_pb_row][et_pb_row _builder_version=&#8221;4.20.2&#8243; _module_preset=&#8221;default&#8221; max_width=&#8221;1400px&#8221; custom_margin=&#8221;40px||||false|false&#8221; animation_style=&#8221;flip&#8221; global_colors_info=&#8221;{}&#8221;][et_pb_column type=&#8221;4_4&#8243; _builder_version=&#8221;4.20.2&#8243; _module_preset=&#8221;default&#8221; global_colors_info=&#8221;{}&#8221;][dsm_image_carousel gallery_ids=&#8221;21049,21047,21045,21043&#8243; slide_to_show=&#8221;3&#8243; _builder_version=&#8221;4.20.2&#8243; _module_preset=&#8221;default&#8221; global_colors_info=&#8221;{}&#8221;][\/dsm_image_carousel][\/et_pb_column][\/et_pb_row][\/et_pb_section]<\/p>\n","protected":false},"excerpt":{"rendered":"<p>The Salon des Maires Innovation Awards recognise an innovative solution or collaboration (with a local authority).<\/p>\n","protected":false},"author":3,"featured_media":1480,"parent":19454,"menu_order":0,"comment_status":"closed","ping_status":"closed","template":"","meta":{"_acf_changed":false,"_et_pb_use_builder":"on","_et_pb_old_content":"","_et_gb_content_width":"","footnotes":""},"class_list":["post-19398","page","type-page","status-publish","has-post-thumbnail","hentry"],"acf":[],"yoast_head":"<!-- This site is optimized with the Yoast SEO plugin v23.9 - https:\/\/yoast.com\/wordpress\/plugins\/seo\/ -->\n<title>Innovation Awards - Salon de la Biodiversit\u00e9 et du G\u00e9nie \u00e9cologique<\/title>\n<meta name=\"description\" content=\"The Salon des Maires Innovation Awards recognise an innovative solution or collaboration (with a local authority).\" \/>\n<meta name=\"robots\" content=\"index, follow, max-snippet:-1, max-image-preview:large, max-video-preview:-1\" \/>\n<link rel=\"canonical\" href=\"https:\/\/www.salonbiodiversite.com\/en\/the-exhibition\/innovation-awards\/\" \/>\n<meta property=\"og:locale\" content=\"en_US\" \/>\n<meta property=\"og:type\" content=\"article\" \/>\n<meta property=\"og:title\" content=\"Innovation Awards - Salon de la Biodiversit\u00e9 et du G\u00e9nie \u00e9cologique\" \/>\n<meta property=\"og:description\" content=\"The Salon des Maires Innovation Awards recognise an innovative solution or collaboration (with a local authority).\" \/>\n<meta property=\"og:site_name\" content=\"Salon de la Biodiversit\u00e9 et du G\u00e9nie \u00e9cologique\" \/>\n<meta property=\"article:publisher\" content=\"https:\/\/www.facebook.com\/profile.php?id=61557937943062\" \/>\n<meta property=\"article:modified_time\" content=\"2026-03-23T16:09:02+00:00\" \/>\n<meta property=\"og:image\" content=\"https:\/\/www.salonbiodiversite.com\/app\/uploads\/2024\/07\/SMCL-2024-logo-prix-innovation-fond.png\" \/>\n\t<meta property=\"og:image:width\" content=\"1142\" \/>\n\t<meta property=\"og:image:height\" content=\"834\" \/>\n\t<meta property=\"og:image:type\" content=\"image\/png\" \/>\n<meta name=\"twitter:card\" content=\"summary_large_image\" \/>\n<meta name=\"twitter:label1\" content=\"Est. reading time\" \/>\n\t<meta name=\"twitter:data1\" content=\"3 minutes\" \/>\n<script type=\"application\/ld+json\" class=\"yoast-schema-graph\">{\"@context\":\"https:\/\/schema.org\",\"@graph\":[{\"@type\":\"WebPage\",\"@id\":\"https:\/\/www.salonbiodiversite.com\/en\/the-exhibition\/innovation-awards\/\",\"url\":\"https:\/\/www.salonbiodiversite.com\/en\/the-exhibition\/innovation-awards\/\",\"name\":\"Innovation Awards - Salon de la Biodiversit\u00e9 et du G\u00e9nie \u00e9cologique\",\"isPartOf\":{\"@id\":\"https:\/\/www.salonbiodiversite.com\/#website\"},\"primaryImageOfPage\":{\"@id\":\"https:\/\/www.salonbiodiversite.com\/en\/the-exhibition\/innovation-awards\/#primaryimage\"},\"image\":{\"@id\":\"https:\/\/www.salonbiodiversite.com\/en\/the-exhibition\/innovation-awards\/#primaryimage\"},\"thumbnailUrl\":\"https:\/\/www.salonbiodiversite.com\/app\/uploads\/2024\/07\/SMCL-2024-logo-prix-innovation-fond.png\",\"datePublished\":\"2024-08-19T09:34:55+00:00\",\"dateModified\":\"2026-03-23T16:09:02+00:00\",\"description\":\"The Salon des Maires Innovation Awards recognise an innovative solution or collaboration (with a local authority).\",\"breadcrumb\":{\"@id\":\"https:\/\/www.salonbiodiversite.com\/en\/the-exhibition\/innovation-awards\/#breadcrumb\"},\"inLanguage\":\"en-US\",\"potentialAction\":[{\"@type\":\"ReadAction\",\"target\":[\"https:\/\/www.salonbiodiversite.com\/en\/the-exhibition\/innovation-awards\/\"]}]},{\"@type\":\"ImageObject\",\"inLanguage\":\"en-US\",\"@id\":\"https:\/\/www.salonbiodiversite.com\/en\/the-exhibition\/innovation-awards\/#primaryimage\",\"url\":\"https:\/\/www.salonbiodiversite.com\/app\/uploads\/2024\/07\/SMCL-2024-logo-prix-innovation-fond.png\",\"contentUrl\":\"https:\/\/www.salonbiodiversite.com\/app\/uploads\/2024\/07\/SMCL-2024-logo-prix-innovation-fond.png\",\"width\":1142,\"height\":834,\"caption\":\"prix de l'innovation\"},{\"@type\":\"BreadcrumbList\",\"@id\":\"https:\/\/www.salonbiodiversite.com\/en\/the-exhibition\/innovation-awards\/#breadcrumb\",\"itemListElement\":[{\"@type\":\"ListItem\",\"position\":1,\"name\":\"Home\",\"item\":\"https:\/\/www.salonbiodiversite.com\/en\/\"},{\"@type\":\"ListItem\",\"position\":2,\"name\":\"The exhibition (2)\",\"item\":\"https:\/\/www.salonbiodiversite.com\/en\/the-exhibition\/\"},{\"@type\":\"ListItem\",\"position\":3,\"name\":\"Innovation Awards\"}]},{\"@type\":\"WebSite\",\"@id\":\"https:\/\/www.salonbiodiversite.com\/#website\",\"url\":\"https:\/\/www.salonbiodiversite.com\/\",\"name\":\"Salon de la Biodiversit\u00e9 et du G\u00e9nie \u00e9cologique\",\"description\":\"La Nature au coeur de l&#039;adaptation des territoires - du 18 au 20 novembre 2025\",\"publisher\":{\"@id\":\"https:\/\/www.salonbiodiversite.com\/#organization\"},\"potentialAction\":[{\"@type\":\"SearchAction\",\"target\":{\"@type\":\"EntryPoint\",\"urlTemplate\":\"https:\/\/www.salonbiodiversite.com\/?s={search_term_string}\"},\"query-input\":{\"@type\":\"PropertyValueSpecification\",\"valueRequired\":true,\"valueName\":\"search_term_string\"}}],\"inLanguage\":\"en-US\"},{\"@type\":\"Organization\",\"@id\":\"https:\/\/www.salonbiodiversite.com\/#organization\",\"name\":\"Salon de la Biodiversit\u00e9 et du G\u00e9nie \u00e9cologique\",\"url\":\"https:\/\/www.salonbiodiversite.com\/\",\"logo\":{\"@type\":\"ImageObject\",\"inLanguage\":\"en-US\",\"@id\":\"https:\/\/www.salonbiodiversite.com\/#\/schema\/logo\/image\/\",\"url\":\"https:\/\/www.salonbiodiversite.com\/app\/uploads\/2024\/06\/vert@4x.png\",\"contentUrl\":\"https:\/\/www.salonbiodiversite.com\/app\/uploads\/2024\/06\/vert@4x.png\",\"width\":3599,\"height\":1778,\"caption\":\"Salon de la Biodiversit\u00e9 et du G\u00e9nie \u00e9cologique\"},\"image\":{\"@id\":\"https:\/\/www.salonbiodiversite.com\/#\/schema\/logo\/image\/\"},\"sameAs\":[\"https:\/\/www.facebook.com\/profile.php?id=61557937943062\"]}]}<\/script>\n<!-- \/ Yoast SEO plugin. -->","yoast_head_json":{"title":"Innovation Awards - Salon de la Biodiversit\u00e9 et du G\u00e9nie \u00e9cologique","description":"The Salon des Maires Innovation Awards recognise an innovative solution or collaboration (with a local authority).","robots":{"index":"index","follow":"follow","max-snippet":"max-snippet:-1","max-image-preview":"max-image-preview:large","max-video-preview":"max-video-preview:-1"},"canonical":"https:\/\/www.salonbiodiversite.com\/en\/the-exhibition\/innovation-awards\/","og_locale":"en_US","og_type":"article","og_title":"Innovation Awards - Salon de la Biodiversit\u00e9 et du G\u00e9nie \u00e9cologique","og_description":"The Salon des Maires Innovation Awards recognise an innovative solution or collaboration (with a local authority).","og_site_name":"Salon de la Biodiversit\u00e9 et du G\u00e9nie \u00e9cologique","article_publisher":"https:\/\/www.facebook.com\/profile.php?id=61557937943062","article_modified_time":"2026-03-23T16:09:02+00:00","og_image":[{"width":1142,"height":834,"url":"https:\/\/www.salonbiodiversite.com\/app\/uploads\/2024\/07\/SMCL-2024-logo-prix-innovation-fond.png","type":"image\/png"}],"twitter_card":"summary_large_image","twitter_misc":{"Est. reading time":"3 minutes"},"schema":{"@context":"https:\/\/schema.org","@graph":[{"@type":"WebPage","@id":"https:\/\/www.salonbiodiversite.com\/en\/the-exhibition\/innovation-awards\/","url":"https:\/\/www.salonbiodiversite.com\/en\/the-exhibition\/innovation-awards\/","name":"Innovation Awards - Salon de la Biodiversit\u00e9 et du G\u00e9nie \u00e9cologique","isPartOf":{"@id":"https:\/\/www.salonbiodiversite.com\/#website"},"primaryImageOfPage":{"@id":"https:\/\/www.salonbiodiversite.com\/en\/the-exhibition\/innovation-awards\/#primaryimage"},"image":{"@id":"https:\/\/www.salonbiodiversite.com\/en\/the-exhibition\/innovation-awards\/#primaryimage"},"thumbnailUrl":"https:\/\/www.salonbiodiversite.com\/app\/uploads\/2024\/07\/SMCL-2024-logo-prix-innovation-fond.png","datePublished":"2024-08-19T09:34:55+00:00","dateModified":"2026-03-23T16:09:02+00:00","description":"The Salon des Maires Innovation Awards recognise an innovative solution or collaboration (with a local authority).","breadcrumb":{"@id":"https:\/\/www.salonbiodiversite.com\/en\/the-exhibition\/innovation-awards\/#breadcrumb"},"inLanguage":"en-US","potentialAction":[{"@type":"ReadAction","target":["https:\/\/www.salonbiodiversite.com\/en\/the-exhibition\/innovation-awards\/"]}]},{"@type":"ImageObject","inLanguage":"en-US","@id":"https:\/\/www.salonbiodiversite.com\/en\/the-exhibition\/innovation-awards\/#primaryimage","url":"https:\/\/www.salonbiodiversite.com\/app\/uploads\/2024\/07\/SMCL-2024-logo-prix-innovation-fond.png","contentUrl":"https:\/\/www.salonbiodiversite.com\/app\/uploads\/2024\/07\/SMCL-2024-logo-prix-innovation-fond.png","width":1142,"height":834,"caption":"prix de l'innovation"},{"@type":"BreadcrumbList","@id":"https:\/\/www.salonbiodiversite.com\/en\/the-exhibition\/innovation-awards\/#breadcrumb","itemListElement":[{"@type":"ListItem","position":1,"name":"Home","item":"https:\/\/www.salonbiodiversite.com\/en\/"},{"@type":"ListItem","position":2,"name":"The exhibition (2)","item":"https:\/\/www.salonbiodiversite.com\/en\/the-exhibition\/"},{"@type":"ListItem","position":3,"name":"Innovation Awards"}]},{"@type":"WebSite","@id":"https:\/\/www.salonbiodiversite.com\/#website","url":"https:\/\/www.salonbiodiversite.com\/","name":"Salon de la Biodiversit\u00e9 et du G\u00e9nie \u00e9cologique","description":"La Nature au coeur de l&#039;adaptation des territoires - du 18 au 20 novembre 2025","publisher":{"@id":"https:\/\/www.salonbiodiversite.com\/#organization"},"potentialAction":[{"@type":"SearchAction","target":{"@type":"EntryPoint","urlTemplate":"https:\/\/www.salonbiodiversite.com\/?s={search_term_string}"},"query-input":{"@type":"PropertyValueSpecification","valueRequired":true,"valueName":"search_term_string"}}],"inLanguage":"en-US"},{"@type":"Organization","@id":"https:\/\/www.salonbiodiversite.com\/#organization","name":"Salon de la Biodiversit\u00e9 et du G\u00e9nie \u00e9cologique","url":"https:\/\/www.salonbiodiversite.com\/","logo":{"@type":"ImageObject","inLanguage":"en-US","@id":"https:\/\/www.salonbiodiversite.com\/#\/schema\/logo\/image\/","url":"https:\/\/www.salonbiodiversite.com\/app\/uploads\/2024\/06\/vert@4x.png","contentUrl":"https:\/\/www.salonbiodiversite.com\/app\/uploads\/2024\/06\/vert@4x.png","width":3599,"height":1778,"caption":"Salon de la Biodiversit\u00e9 et du G\u00e9nie \u00e9cologique"},"image":{"@id":"https:\/\/www.salonbiodiversite.com\/#\/schema\/logo\/image\/"},"sameAs":["https:\/\/www.facebook.com\/profile.php?id=61557937943062"]}]}},"_links":{"self":[{"href":"https:\/\/www.salonbiodiversite.com\/en\/wp-json\/wp\/v2\/pages\/19398","targetHints":{"allow":["GET"]}}],"collection":[{"href":"https:\/\/www.salonbiodiversite.com\/en\/wp-json\/wp\/v2\/pages"}],"about":[{"href":"https:\/\/www.salonbiodiversite.com\/en\/wp-json\/wp\/v2\/types\/page"}],"author":[{"embeddable":true,"href":"https:\/\/www.salonbiodiversite.com\/en\/wp-json\/wp\/v2\/users\/3"}],"replies":[{"embeddable":true,"href":"https:\/\/www.salonbiodiversite.com\/en\/wp-json\/wp\/v2\/comments?post=19398"}],"version-history":[{"count":13,"href":"https:\/\/www.salonbiodiversite.com\/en\/wp-json\/wp\/v2\/pages\/19398\/revisions"}],"predecessor-version":[{"id":21439,"href":"https:\/\/www.salonbiodiversite.com\/en\/wp-json\/wp\/v2\/pages\/19398\/revisions\/21439"}],"up":[{"embeddable":true,"href":"https:\/\/www.salonbiodiversite.com\/en\/wp-json\/wp\/v2\/pages\/19454"}],"wp:featuredmedia":[{"embeddable":true,"href":"https:\/\/www.salonbiodiversite.com\/en\/wp-json\/wp\/v2\/media\/1480"}],"wp:attachment":[{"href":"https:\/\/www.salonbiodiversite.com\/en\/wp-json\/wp\/v2\/media?parent=19398"}],"curies":[{"name":"wp","href":"https:\/\/api.w.org\/{rel}","templated":true}]}}