{"id":19471,"date":"2024-08-19T12:40:34","date_gmt":"2024-08-19T10:40:34","guid":{"rendered":"https:\/\/www.salonbiodiversite.com\/?page_id=19471"},"modified":"2024-08-19T14:04:53","modified_gmt":"2024-08-19T12:04:53","slug":"participate","status":"publish","type":"page","link":"https:\/\/www.salonbiodiversite.com\/en\/participate\/","title":{"rendered":"Participate"},"content":{"rendered":"<p>[et_pb_section fb_built=&#8221;1&#8243; admin_label=&#8221;Section&#8221; _builder_version=&#8221;4.20.2&#8243; _module_preset=&#8221;default&#8221; background_enable_color=&#8221;off&#8221; global_colors_info=&#8221;{}&#8221;][et_pb_row _builder_version=&#8221;4.20.2&#8243; _module_preset=&#8221;default&#8221; width=&#8221;90%&#8221; max_width=&#8221;1400px&#8221; custom_margin=&#8221;|auto||95px||&#8221; custom_padding=&#8221;71px|||40px|false|false&#8221; global_colors_info=&#8221;{}&#8221;][et_pb_column type=&#8221;4_4&#8243; _builder_version=&#8221;4.20.2&#8243; _module_preset=&#8221;default&#8221; global_colors_info=&#8221;{}&#8221;][et_pb_text _builder_version=&#8221;4.20.2&#8243; _module_preset=&#8221;default&#8221; text_text_color=&#8221;#323232&#8243; header_font_size=&#8221;50px&#8221; header_2_font_size=&#8221;40px&#8221; custom_margin=&#8221;||0px||false|false&#8221; custom_padding=&#8221;||0px|0px|false|false&#8221; header_font_size_tablet=&#8221;50px&#8221; header_font_size_phone=&#8221;40px&#8221; header_font_size_last_edited=&#8221;on|phone&#8221; header_2_font_size_tablet=&#8221;35px&#8221; header_2_font_size_phone=&#8221;30px&#8221; header_2_font_size_last_edited=&#8221;on|phone&#8221; global_colors_info=&#8221;{}&#8221;]<\/p>\n<h1 style=\"text-align: left;\"><strong>PARTICIPATE<\/strong><\/h1>\n<p>&nbsp;<\/p>\n<p>[\/et_pb_text][\/et_pb_column][\/et_pb_row][\/et_pb_section][et_pb_section fb_built=&#8221;1&#8243; admin_label=&#8221;Section&#8221; _builder_version=&#8221;4.20.2&#8243; _module_preset=&#8221;default&#8221; background_enable_color=&#8221;off&#8221; custom_margin=&#8221;-150px||||false|false&#8221; global_colors_info=&#8221;{}&#8221;][et_pb_row column_structure=&#8221;1_3,1_3,1_3&#8243; _builder_version=&#8221;4.20.2&#8243; _module_preset=&#8221;default&#8221; width=&#8221;90%&#8221; max_width=&#8221;1400px&#8221; custom_padding=&#8221;|||0px|false|false&#8221; animation_style=&#8221;flip&#8221; global_colors_info=&#8221;{}&#8221;][et_pb_column type=&#8221;1_3&#8243; _builder_version=&#8221;4.20.2&#8243; _module_preset=&#8221;default&#8221; global_colors_info=&#8221;{}&#8221;][et_pb_image src=&#8221;https:\/\/www.salonbiodiversite.com\/app\/uploads\/2024\/07\/SMCL23_J2_Maxime_04048.jpg.webp&#8221; alt=&#8221;exposition de solutions&#8221; title_text=&#8221;SMCL23_J2_Maxime_04048.jpg&#8221; _builder_version=&#8221;4.20.2&#8243; _module_preset=&#8221;default&#8221; hover_enabled=&#8221;0&#8243; box_shadow_style=&#8221;preset2&#8243; global_colors_info=&#8221;{}&#8221; sticky_enabled=&#8221;0&#8243;][\/et_pb_image][et_pb_text _builder_version=&#8221;4.20.2&#8243; _module_preset=&#8221;default&#8221; custom_margin=&#8221;-37px||||false|false&#8221; custom_padding=&#8221;|10px||10px|false|true&#8221; hover_enabled=&#8221;0&#8243; box_shadow_style=&#8221;preset2&#8243; global_colors_info=&#8221;{}&#8221; sticky_enabled=&#8221;0&#8243;]<\/p>\n<p><strong><span style=\"color: #333333;\"><\/span><\/strong><\/p>\n<p><span style=\"color: #333333;\"><strong>Participate as a visitor.<\/strong><\/span><\/p>\n<p><span style=\"text-decoration: underline;\"><a href=\"salonbiodiversite.com\/visiter\"><strong><span style=\"color: #333333; text-decoration: underline;\">Find out more<\/span><\/strong><\/a><\/span><\/p>\n<p>&nbsp;<\/p>\n<p>[\/et_pb_text][\/et_pb_column][et_pb_column type=&#8221;1_3&#8243; _builder_version=&#8221;4.20.2&#8243; _module_preset=&#8221;default&#8221; global_colors_info=&#8221;{}&#8221;][et_pb_image src=&#8221;https:\/\/www.salonbiodiversite.com\/app\/uploads\/2024\/07\/SMCL-2022-VISITE-OFFICIELLE.jpg&#8221; alt=&#8221;medias&#8221; title_text=&#8221;medias&#8221; _builder_version=&#8221;4.20.2&#8243; _module_preset=&#8221;default&#8221; box_shadow_style=&#8221;preset2&#8243; global_colors_info=&#8221;{}&#8221;][\/et_pb_image][et_pb_text _builder_version=&#8221;4.20.2&#8243; _module_preset=&#8221;default&#8221; custom_margin=&#8221;-37px||||false|false&#8221; custom_padding=&#8221;|10px||10px|false|true&#8221; hover_enabled=&#8221;0&#8243; box_shadow_style=&#8221;preset2&#8243; global_colors_info=&#8221;{}&#8221; sticky_enabled=&#8221;0&#8243;]<\/p>\n<p><span style=\"color: #333333;\"><\/span><\/p>\n<p><span style=\"color: #333333;\"><strong>Participate as a media<\/strong><\/span><\/p>\n<p><span style=\"text-decoration: underline;\"><a href=\"salonbiodiversite.com\/landing-page-medias\"><strong><span style=\"color: #333333; text-decoration: underline;\">Find out more<\/span><\/strong><\/a><\/span><\/p>\n<p>&nbsp;<\/p>\n<p>[\/et_pb_text][\/et_pb_column][et_pb_column type=&#8221;1_3&#8243; _builder_version=&#8221;4.20.2&#8243; _module_preset=&#8221;default&#8221; global_colors_info=&#8221;{}&#8221;][et_pb_image src=&#8221;https:\/\/www.salonbiodiversite.com\/app\/uploads\/2024\/07\/SMCL23_J2_Benoit_00080.jpg&#8221; alt=&#8221;stand exposant&#8221; title_text=&#8221;stand exposant&#8221; _builder_version=&#8221;4.20.2&#8243; _module_preset=&#8221;default&#8221; box_shadow_style=&#8221;preset2&#8243; global_colors_info=&#8221;{}&#8221;][\/et_pb_image][et_pb_text _builder_version=&#8221;4.20.2&#8243; _module_preset=&#8221;default&#8221; custom_margin=&#8221;-37px||||false|false&#8221; custom_padding=&#8221;|10px||10px|false|true&#8221; hover_enabled=&#8221;0&#8243; box_shadow_style=&#8221;preset2&#8243; global_colors_info=&#8221;{}&#8221; sticky_enabled=&#8221;0&#8243;]<\/p>\n<p><span style=\"color: #333333;\"><\/span><\/p>\n<p><span style=\"color: #333333;\"><strong>Participate as an exhibitor<\/strong><\/span><\/p>\n<p><span style=\"text-decoration: underline; color: #333333;\"><a href=\"https:\/\/www.salonbiodiversite.com\/exposer\/\" style=\"color: #333333; text-decoration: underline;\"><strong>Find out more<\/strong><\/a><\/span><\/p>\n<p>&nbsp;<\/p>\n<p>[\/et_pb_text][\/et_pb_column][\/et_pb_row][et_pb_row column_structure=&#8221;1_3,1_3,1_3&#8243; _builder_version=&#8221;4.20.2&#8243; _module_preset=&#8221;default&#8221; width=&#8221;90%&#8221; max_width=&#8221;1400px&#8221; custom_padding=&#8221;|||0px|false|false&#8221; animation_style=&#8221;flip&#8221; global_colors_info=&#8221;{}&#8221;][et_pb_column type=&#8221;1_3&#8243; _builder_version=&#8221;4.20.2&#8243; _module_preset=&#8221;default&#8221; global_colors_info=&#8221;{}&#8221;][et_pb_image src=&#8221;https:\/\/www.salonbiodiversite.com\/app\/uploads\/2024\/06\/affiche-biodiv.jpg&#8221; alt=&#8221;Salon de la biodiversit\u00e9 et du G\u00e9nie \u00e9cologique&#8221; title_text=&#8221;Salon de la biodiversit\u00e9 et du G\u00e9nie \u00e9cologique&#8221; _builder_version=&#8221;4.20.2&#8243; _module_preset=&#8221;default&#8221; box_shadow_style=&#8221;preset2&#8243; global_colors_info=&#8221;{}&#8221;][\/et_pb_image][et_pb_text _builder_version=&#8221;4.20.2&#8243; _module_preset=&#8221;default&#8221; custom_margin=&#8221;-37px||||false|false&#8221; custom_padding=&#8221;|10px||10px|false|true&#8221; hover_enabled=&#8221;0&#8243; box_shadow_style=&#8221;preset2&#8243; global_colors_info=&#8221;{}&#8221; sticky_enabled=&#8221;0&#8243;]<\/p>\n<p><strong><span style=\"color: #333333;\"><\/span><\/strong><\/p>\n<p><strong><span style=\"color: #333333;\">Practical informations<\/span><\/strong><\/p>\n<p><span style=\"text-decoration: underline;\"><a href=\"salonbiodiversite.com\/informations-pratiques\"><strong><span style=\"color: #333333; text-decoration: underline;\">Find out more<\/span><\/strong><\/a><\/span><\/p>\n<p>&nbsp;<\/p>\n<p>[\/et_pb_text][\/et_pb_column][et_pb_column type=&#8221;1_3&#8243; _builder_version=&#8221;4.20.2&#8243; _module_preset=&#8221;default&#8221; global_colors_info=&#8221;{}&#8221;][\/et_pb_column][et_pb_column type=&#8221;1_3&#8243; _builder_version=&#8221;4.20.2&#8243; _module_preset=&#8221;default&#8221; global_colors_info=&#8221;{}&#8221;][\/et_pb_column][\/et_pb_row][\/et_pb_section]<\/p>\n","protected":false},"excerpt":{"rendered":"<p>Would you like to take part? Find all the information you need to take part as an exhibitor, media representative or visitor. <\/p>\n","protected":false},"author":3,"featured_media":1351,"parent":0,"menu_order":0,"comment_status":"closed","ping_status":"closed","template":"","meta":{"_acf_changed":false,"_et_pb_use_builder":"on","_et_pb_old_content":"","_et_gb_content_width":"","footnotes":""},"class_list":["post-19471","page","type-page","status-publish","has-post-thumbnail","hentry"],"acf":[],"yoast_head":"<!-- This site is optimized with the Yoast SEO plugin v23.9 - https:\/\/yoast.com\/wordpress\/plugins\/seo\/ -->\n<title>Participate - Salon de la Biodiversit\u00e9 et du G\u00e9nie \u00e9cologique<\/title>\n<meta name=\"description\" content=\"Would you like to take part? Find all the information you need to take part as an exhibitor, media representative or visitor.\" \/>\n<meta name=\"robots\" content=\"index, follow, max-snippet:-1, max-image-preview:large, max-video-preview:-1\" \/>\n<link rel=\"canonical\" href=\"https:\/\/www.salonbiodiversite.com\/en\/participate\/\" \/>\n<meta property=\"og:locale\" content=\"en_US\" \/>\n<meta property=\"og:type\" content=\"article\" \/>\n<meta property=\"og:title\" content=\"Participate - Salon de la Biodiversit\u00e9 et du G\u00e9nie \u00e9cologique\" \/>\n<meta property=\"og:description\" content=\"Would you like to take part? Find all the information you need to take part as an exhibitor, media representative or visitor.\" \/>\n<meta property=\"og:site_name\" content=\"Salon de la Biodiversit\u00e9 et du G\u00e9nie \u00e9cologique\" \/>\n<meta property=\"article:publisher\" content=\"https:\/\/www.facebook.com\/profile.php?id=61557937943062\" \/>\n<meta property=\"article:modified_time\" content=\"2024-08-19T12:04:53+00:00\" \/>\n<meta property=\"og:image\" content=\"https:\/\/www.salonbiodiversite.com\/app\/uploads\/2024\/07\/SMCL23_J2_Maxime_04048.jpg.webp\" \/>\n\t<meta property=\"og:image:width\" content=\"1200\" \/>\n\t<meta property=\"og:image:height\" content=\"800\" \/>\n\t<meta property=\"og:image:type\" content=\"image\/webp\" \/>\n<meta name=\"twitter:card\" content=\"summary_large_image\" \/>\n<meta name=\"twitter:label1\" content=\"Est. reading time\" \/>\n\t<meta name=\"twitter:data1\" content=\"2 minutes\" \/>\n<script type=\"application\/ld+json\" class=\"yoast-schema-graph\">{\"@context\":\"https:\/\/schema.org\",\"@graph\":[{\"@type\":\"WebPage\",\"@id\":\"https:\/\/www.salonbiodiversite.com\/en\/participate\/\",\"url\":\"https:\/\/www.salonbiodiversite.com\/en\/participate\/\",\"name\":\"Participate - Salon de la Biodiversit\u00e9 et du G\u00e9nie \u00e9cologique\",\"isPartOf\":{\"@id\":\"https:\/\/www.salonbiodiversite.com\/#website\"},\"primaryImageOfPage\":{\"@id\":\"https:\/\/www.salonbiodiversite.com\/en\/participate\/#primaryimage\"},\"image\":{\"@id\":\"https:\/\/www.salonbiodiversite.com\/en\/participate\/#primaryimage\"},\"thumbnailUrl\":\"https:\/\/www.salonbiodiversite.com\/app\/uploads\/2024\/07\/SMCL23_J2_Maxime_04048.jpg.webp\",\"datePublished\":\"2024-08-19T10:40:34+00:00\",\"dateModified\":\"2024-08-19T12:04:53+00:00\",\"description\":\"Would you like to take part? Find all the information you need to take part as an exhibitor, media representative or visitor.\",\"breadcrumb\":{\"@id\":\"https:\/\/www.salonbiodiversite.com\/en\/participate\/#breadcrumb\"},\"inLanguage\":\"en-US\",\"potentialAction\":[{\"@type\":\"ReadAction\",\"target\":[\"https:\/\/www.salonbiodiversite.com\/en\/participate\/\"]}]},{\"@type\":\"ImageObject\",\"inLanguage\":\"en-US\",\"@id\":\"https:\/\/www.salonbiodiversite.com\/en\/participate\/#primaryimage\",\"url\":\"https:\/\/www.salonbiodiversite.com\/app\/uploads\/2024\/07\/SMCL23_J2_Maxime_04048.jpg.webp\",\"contentUrl\":\"https:\/\/www.salonbiodiversite.com\/app\/uploads\/2024\/07\/SMCL23_J2_Maxime_04048.jpg.webp\",\"width\":1200,\"height\":800,\"caption\":\"exposition de solutions\"},{\"@type\":\"BreadcrumbList\",\"@id\":\"https:\/\/www.salonbiodiversite.com\/en\/participate\/#breadcrumb\",\"itemListElement\":[{\"@type\":\"ListItem\",\"position\":1,\"name\":\"Home\",\"item\":\"https:\/\/www.salonbiodiversite.com\/en\/\"},{\"@type\":\"ListItem\",\"position\":2,\"name\":\"Participate\"}]},{\"@type\":\"WebSite\",\"@id\":\"https:\/\/www.salonbiodiversite.com\/#website\",\"url\":\"https:\/\/www.salonbiodiversite.com\/\",\"name\":\"Salon de la Biodiversit\u00e9 et du G\u00e9nie \u00e9cologique\",\"description\":\"La Nature au coeur de l&#039;adaptation des territoires - du 18 au 20 novembre 2025\",\"publisher\":{\"@id\":\"https:\/\/www.salonbiodiversite.com\/#organization\"},\"potentialAction\":[{\"@type\":\"SearchAction\",\"target\":{\"@type\":\"EntryPoint\",\"urlTemplate\":\"https:\/\/www.salonbiodiversite.com\/?s={search_term_string}\"},\"query-input\":{\"@type\":\"PropertyValueSpecification\",\"valueRequired\":true,\"valueName\":\"search_term_string\"}}],\"inLanguage\":\"en-US\"},{\"@type\":\"Organization\",\"@id\":\"https:\/\/www.salonbiodiversite.com\/#organization\",\"name\":\"Salon de la Biodiversit\u00e9 et du G\u00e9nie \u00e9cologique\",\"url\":\"https:\/\/www.salonbiodiversite.com\/\",\"logo\":{\"@type\":\"ImageObject\",\"inLanguage\":\"en-US\",\"@id\":\"https:\/\/www.salonbiodiversite.com\/#\/schema\/logo\/image\/\",\"url\":\"https:\/\/www.salonbiodiversite.com\/app\/uploads\/2024\/06\/vert@4x.png\",\"contentUrl\":\"https:\/\/www.salonbiodiversite.com\/app\/uploads\/2024\/06\/vert@4x.png\",\"width\":3599,\"height\":1778,\"caption\":\"Salon de la Biodiversit\u00e9 et du G\u00e9nie \u00e9cologique\"},\"image\":{\"@id\":\"https:\/\/www.salonbiodiversite.com\/#\/schema\/logo\/image\/\"},\"sameAs\":[\"https:\/\/www.facebook.com\/profile.php?id=61557937943062\"]}]}<\/script>\n<!-- \/ Yoast SEO plugin. -->","yoast_head_json":{"title":"Participate - Salon de la Biodiversit\u00e9 et du G\u00e9nie \u00e9cologique","description":"Would you like to take part? Find all the information you need to take part as an exhibitor, media representative or visitor.","robots":{"index":"index","follow":"follow","max-snippet":"max-snippet:-1","max-image-preview":"max-image-preview:large","max-video-preview":"max-video-preview:-1"},"canonical":"https:\/\/www.salonbiodiversite.com\/en\/participate\/","og_locale":"en_US","og_type":"article","og_title":"Participate - Salon de la Biodiversit\u00e9 et du G\u00e9nie \u00e9cologique","og_description":"Would you like to take part? Find all the information you need to take part as an exhibitor, media representative or visitor.","og_site_name":"Salon de la Biodiversit\u00e9 et du G\u00e9nie \u00e9cologique","article_publisher":"https:\/\/www.facebook.com\/profile.php?id=61557937943062","article_modified_time":"2024-08-19T12:04:53+00:00","og_image":[{"width":1200,"height":800,"url":"https:\/\/www.salonbiodiversite.com\/app\/uploads\/2024\/07\/SMCL23_J2_Maxime_04048.jpg.webp","type":"image\/webp"}],"twitter_card":"summary_large_image","twitter_misc":{"Est. reading time":"2 minutes"},"schema":{"@context":"https:\/\/schema.org","@graph":[{"@type":"WebPage","@id":"https:\/\/www.salonbiodiversite.com\/en\/participate\/","url":"https:\/\/www.salonbiodiversite.com\/en\/participate\/","name":"Participate - Salon de la Biodiversit\u00e9 et du G\u00e9nie \u00e9cologique","isPartOf":{"@id":"https:\/\/www.salonbiodiversite.com\/#website"},"primaryImageOfPage":{"@id":"https:\/\/www.salonbiodiversite.com\/en\/participate\/#primaryimage"},"image":{"@id":"https:\/\/www.salonbiodiversite.com\/en\/participate\/#primaryimage"},"thumbnailUrl":"https:\/\/www.salonbiodiversite.com\/app\/uploads\/2024\/07\/SMCL23_J2_Maxime_04048.jpg.webp","datePublished":"2024-08-19T10:40:34+00:00","dateModified":"2024-08-19T12:04:53+00:00","description":"Would you like to take part? Find all the information you need to take part as an exhibitor, media representative or visitor.","breadcrumb":{"@id":"https:\/\/www.salonbiodiversite.com\/en\/participate\/#breadcrumb"},"inLanguage":"en-US","potentialAction":[{"@type":"ReadAction","target":["https:\/\/www.salonbiodiversite.com\/en\/participate\/"]}]},{"@type":"ImageObject","inLanguage":"en-US","@id":"https:\/\/www.salonbiodiversite.com\/en\/participate\/#primaryimage","url":"https:\/\/www.salonbiodiversite.com\/app\/uploads\/2024\/07\/SMCL23_J2_Maxime_04048.jpg.webp","contentUrl":"https:\/\/www.salonbiodiversite.com\/app\/uploads\/2024\/07\/SMCL23_J2_Maxime_04048.jpg.webp","width":1200,"height":800,"caption":"exposition de solutions"},{"@type":"BreadcrumbList","@id":"https:\/\/www.salonbiodiversite.com\/en\/participate\/#breadcrumb","itemListElement":[{"@type":"ListItem","position":1,"name":"Home","item":"https:\/\/www.salonbiodiversite.com\/en\/"},{"@type":"ListItem","position":2,"name":"Participate"}]},{"@type":"WebSite","@id":"https:\/\/www.salonbiodiversite.com\/#website","url":"https:\/\/www.salonbiodiversite.com\/","name":"Salon de la Biodiversit\u00e9 et du G\u00e9nie \u00e9cologique","description":"La Nature au coeur de l&#039;adaptation des territoires - du 18 au 20 novembre 2025","publisher":{"@id":"https:\/\/www.salonbiodiversite.com\/#organization"},"potentialAction":[{"@type":"SearchAction","target":{"@type":"EntryPoint","urlTemplate":"https:\/\/www.salonbiodiversite.com\/?s={search_term_string}"},"query-input":{"@type":"PropertyValueSpecification","valueRequired":true,"valueName":"search_term_string"}}],"inLanguage":"en-US"},{"@type":"Organization","@id":"https:\/\/www.salonbiodiversite.com\/#organization","name":"Salon de la Biodiversit\u00e9 et du G\u00e9nie \u00e9cologique","url":"https:\/\/www.salonbiodiversite.com\/","logo":{"@type":"ImageObject","inLanguage":"en-US","@id":"https:\/\/www.salonbiodiversite.com\/#\/schema\/logo\/image\/","url":"https:\/\/www.salonbiodiversite.com\/app\/uploads\/2024\/06\/vert@4x.png","contentUrl":"https:\/\/www.salonbiodiversite.com\/app\/uploads\/2024\/06\/vert@4x.png","width":3599,"height":1778,"caption":"Salon de la Biodiversit\u00e9 et du G\u00e9nie \u00e9cologique"},"image":{"@id":"https:\/\/www.salonbiodiversite.com\/#\/schema\/logo\/image\/"},"sameAs":["https:\/\/www.facebook.com\/profile.php?id=61557937943062"]}]}},"_links":{"self":[{"href":"https:\/\/www.salonbiodiversite.com\/en\/wp-json\/wp\/v2\/pages\/19471","targetHints":{"allow":["GET"]}}],"collection":[{"href":"https:\/\/www.salonbiodiversite.com\/en\/wp-json\/wp\/v2\/pages"}],"about":[{"href":"https:\/\/www.salonbiodiversite.com\/en\/wp-json\/wp\/v2\/types\/page"}],"author":[{"embeddable":true,"href":"https:\/\/www.salonbiodiversite.com\/en\/wp-json\/wp\/v2\/users\/3"}],"replies":[{"embeddable":true,"href":"https:\/\/www.salonbiodiversite.com\/en\/wp-json\/wp\/v2\/comments?post=19471"}],"version-history":[{"count":5,"href":"https:\/\/www.salonbiodiversite.com\/en\/wp-json\/wp\/v2\/pages\/19471\/revisions"}],"predecessor-version":[{"id":19476,"href":"https:\/\/www.salonbiodiversite.com\/en\/wp-json\/wp\/v2\/pages\/19471\/revisions\/19476"}],"wp:featuredmedia":[{"embeddable":true,"href":"https:\/\/www.salonbiodiversite.com\/en\/wp-json\/wp\/v2\/media\/1351"}],"wp:attachment":[{"href":"https:\/\/www.salonbiodiversite.com\/en\/wp-json\/wp\/v2\/media?parent=19471"}],"curies":[{"name":"wp","href":"https:\/\/api.w.org\/{rel}","templated":true}]}}